{"id":90,"date":"2011-10-31T12:09:10","date_gmt":"2011-10-31T11:09:10","guid":{"rendered":"http:\/\/phoenixbanner.de\/?page_id=90"},"modified":"2017-09-08T14:44:26","modified_gmt":"2017-09-08T12:44:26","slug":"impressum","status":"publish","type":"page","link":"https:\/\/phoenixbanner.de\/?page_id=90","title":{"rendered":"Impressum"},"content":{"rendered":"<p>Anschrift: Philipp Kratzer | Legdenweg 118\u00a0| 48161 M\u00fcnster<br \/>\ne-mail: blog[at]phoenixbanner[punkt]de<\/p>\n<p>Artikel, die mit dem Benutzernamen eines anderen Autors gekennzeichnet sind geben nur dessen pers\u00f6nliche Meinung wieder und m\u00fcssen nicht mit der Meinung des Seitenbetreibers \u00fcbereinstimmen.<\/p>\n<h2>Schreibt uns<\/h2>\n<p>blog[at]phoenixbanner[punkt]de<\/p>\n<p>Datenschutzhinweis:<\/p>\n<p>Diese Seite setzt Google Analytics ein um eine statistische Auswertung des Besuchertraffics zu erhalten. Die hierbei gesammelten Daten liegen nur anonymisiert und aggregiert vor. Welche Daten im Einzelnen erhoben werden kann in den <a title=\"Datenschutz von Google\" href=\"http:\/\/www.google.com\/intl\/en\/policies\/privacy\/\" target=\"_blank\" rel=\"noopener noreferrer\">Datenschutzbestimmungen von Google Analytics<\/a> nachgelesen werden.<\/p>\n<h1>Cookies und Meldungen zu Zugriffszahlen<\/h1>\n<p>Wir setzen \u201eSession-Cookies\u201c der VG Wort, M\u00fcnchen, zur Messung von Zugriffen auf Texten ein, um die Kopierwahrscheinlichkeit zu erfassen. Session-Cookies sind kleine Informationseinheiten, die ein Anbieter im Arbeitsspeicher des Computers des Besuchers speichert. In einem Session-Cookie wird eine zuf\u00e4llig erzeugte eindeutige Identifikationsnummer abgelegt, eine sogenannte Session-ID. Au\u00dferdem enth\u00e4lt ein Cookie die Angabe \u00fcber seine Herkunft und die Speicherfrist. Session-Cookies k\u00f6nnen keine anderen Daten speichern. Diese Messungen werden von der INFOnline GmbH nach dem Skalierbaren Zentralen Messverfahren (SZM) durchgef\u00fchrt. Sie helfen dabei, die Kopierwahrscheinlichkeit einzelner Texte zur Verg\u00fctung von gesetzlichen Anspr\u00fcchen von Autoren und Verlagen zu ermitteln. Wir erfassen keine personenbezogenen Daten \u00fcber Cookies.<\/p>\n<p>Viele unserer Seiten sind mit JavaScript-Aufrufen versehen, \u00fcber die wir die Zugriffe an die Verwertungsgesellschaft Wort (VG Wort) melden. Wir erm\u00f6glichen damit, dass unsere Autoren an den Aussch\u00fcttungen der VG Wort partizipieren, die die gesetzliche Verg\u00fctung f\u00fcr die Nutzungen urheberrechtlich gesch\u00fctzter Werke gem. \u00a7 53 UrhG sicherstellen.<\/p>\n<p>Eine Nutzung unserer Angebote ist auch ohne Cookies m\u00f6glich. Die meisten Browser sind so eingestellt, dass sie Cookies automatisch akzeptieren. Sie k\u00f6nnen das Speichern von Cookies jedoch deaktivieren oder Ihren Browser so einstellen, dass er Sie benachrichtigt, sobald Cookies gesendet werden.<\/p>\n<h1>Datenschutzerkl\u00e4rung zur Nutzung des Skalierbaren Zentralen Messverfahrens<\/h1>\n<p>Unsere Website und unser mobiles Webangebot nutzen das \u201eSkalierbare Zentrale Messverfahren\u201c (SZM) der INFOnline GmbH (https:\/\/www.infonline.de) f\u00fcr die Ermittlung statistischer Kennwerte zur Ermittlung der Kopierwahrscheinlichkeit von Texten.<\/p>\n<p>Dabei werden anonyme Messwerte erhoben. Die Zugriffszahlenmessung verwendet zur Wiedererkennung von Computersystemen alternativ ein Session-Cookie oder eine Signatur, die aus verschiedenen automatisch \u00fcbertragenen Informationen Ihres Browsers erstellt wird. IP-Adressen werden nur in anonymisierter Form verarbeitet.<\/p>\n<p>Das Verfahren wurde unter der Beachtung des Datenschutzes entwickelt. Einziges Ziel des Verfahrens ist es, die Kopierwahrscheinlichkeit einzelner Texte zu ermitteln.<\/p>\n<p>Zu keinem Zeitpunkt werden einzelne Nutzer identifiziert. Ihre Identit\u00e4t bleibt immer gesch\u00fctzt. Sie erhalten \u00fcber das System keine Werbung.<\/p>\n","protected":false},"excerpt":{"rendered":"<p>Anschrift: Philipp Kratzer | Legdenweg 118\u00a0| 48161 M\u00fcnster e-mail: blog[at]phoenixbanner[punkt]de Artikel, die mit dem Benutzernamen [&hellip;]<\/p>\n","protected":false},"author":2,"featured_media":0,"parent":0,"menu_order":999,"comment_status":"closed","ping_status":"closed","template":"template-fullwidth.php","meta":{"footnotes":""},"class_list":["post-90","page","type-page","status-publish","hentry"],"wp-worthy-pixel":{"ignored":false,"public":null,"server":null,"url":null},"wp-worthy-type":"normal","_links":{"self":[{"href":"https:\/\/phoenixbanner.de\/index.php?rest_route=\/wp\/v2\/pages\/90","targetHints":{"allow":["GET"]}}],"collection":[{"href":"https:\/\/phoenixbanner.de\/index.php?rest_route=\/wp\/v2\/pages"}],"about":[{"href":"https:\/\/phoenixbanner.de\/index.php?rest_route=\/wp\/v2\/types\/page"}],"author":[{"embeddable":true,"href":"https:\/\/phoenixbanner.de\/index.php?rest_route=\/wp\/v2\/users\/2"}],"replies":[{"embeddable":true,"href":"https:\/\/phoenixbanner.de\/index.php?rest_route=%2Fwp%2Fv2%2Fcomments&post=90"}],"version-history":[{"count":22,"href":"https:\/\/phoenixbanner.de\/index.php?rest_route=\/wp\/v2\/pages\/90\/revisions"}],"predecessor-version":[{"id":1958,"href":"https:\/\/phoenixbanner.de\/index.php?rest_route=\/wp\/v2\/pages\/90\/revisions\/1958"}],"wp:attachment":[{"href":"https:\/\/phoenixbanner.de\/index.php?rest_route=%2Fwp%2Fv2%2Fmedia&parent=90"}],"curies":[{"name":"wp","href":"https:\/\/api.w.org\/{rel}","templated":true}]}}