{"id":1515,"date":"2013-03-15T16:49:09","date_gmt":"2013-03-15T15:49:09","guid":{"rendered":"http:\/\/phoenixbanner.de\/?page_id=1515"},"modified":"2017-09-08T14:41:22","modified_gmt":"2017-09-08T12:41:22","slug":"nsc-vademecum-releasenotizen","status":"publish","type":"page","link":"https:\/\/phoenixbanner.de\/?page_id=1515","title":{"rendered":"NSC Vademecum Releasenotizen"},"content":{"rendered":"<h3>Version 0.2 &#8211; 01. April 2013<\/h3>\n<h4>\u00dcberschriften eingef\u00fcgt<\/h4>\n<p>Es ist nun m\u00f6glich \u00dcberschriften f\u00fcr einzelne Seiten zu vergeben. Diese heben sich durch Fettdruck und Zentrierung vom eigentlichen Text ab. Wird keine \u00dcberschrift vergeben, wird der eigentliche Text nach oben ger\u00fcckt.<\/p>\n<h4>Formularlayout \u00fcberarbeitet<\/h4>\n<p>Das Formular wurde etwas \u00fcberabreitet um zum einen die \u00dcberschriften einzubinden und zum anderen n\u00e4her am sp\u00e4teren Layout zu sein.<\/p>\n<h3>Version 0.1 &#8211; 15. M\u00e4rz 2013<\/h3>\n<p>Erste Version der Beta ver\u00f6ffentlicht.<\/p>\n","protected":false},"excerpt":{"rendered":"<p>Version 0.2 &#8211; 01. April 2013 \u00dcberschriften eingef\u00fcgt Es ist nun m\u00f6glich \u00dcberschriften f\u00fcr einzelne [&hellip;]<\/p>\n","protected":false},"author":2,"featured_media":0,"parent":1504,"menu_order":1,"comment_status":"closed","ping_status":"closed","template":"template-fullwidth.php","meta":{"footnotes":""},"class_list":["post-1515","page","type-page","status-publish","hentry"],"wp-worthy-pixel":{"ignored":false,"public":null,"server":null,"url":null},"wp-worthy-type":"normal","_links":{"self":[{"href":"https:\/\/phoenixbanner.de\/index.php?rest_route=\/wp\/v2\/pages\/1515","targetHints":{"allow":["GET"]}}],"collection":[{"href":"https:\/\/phoenixbanner.de\/index.php?rest_route=\/wp\/v2\/pages"}],"about":[{"href":"https:\/\/phoenixbanner.de\/index.php?rest_route=\/wp\/v2\/types\/page"}],"author":[{"embeddable":true,"href":"https:\/\/phoenixbanner.de\/index.php?rest_route=\/wp\/v2\/users\/2"}],"replies":[{"embeddable":true,"href":"https:\/\/phoenixbanner.de\/index.php?rest_route=%2Fwp%2Fv2%2Fcomments&post=1515"}],"version-history":[{"count":6,"href":"https:\/\/phoenixbanner.de\/index.php?rest_route=\/wp\/v2\/pages\/1515\/revisions"}],"predecessor-version":[{"id":2075,"href":"https:\/\/phoenixbanner.de\/index.php?rest_route=\/wp\/v2\/pages\/1515\/revisions\/2075"}],"up":[{"embeddable":true,"href":"https:\/\/phoenixbanner.de\/index.php?rest_route=\/wp\/v2\/pages\/1504"}],"wp:attachment":[{"href":"https:\/\/phoenixbanner.de\/index.php?rest_route=%2Fwp%2Fv2%2Fmedia&parent=1515"}],"curies":[{"name":"wp","href":"https:\/\/api.w.org\/{rel}","templated":true}]}}