{"id":1504,"date":"2013-03-15T16:35:37","date_gmt":"2013-03-15T15:35:37","guid":{"rendered":"http:\/\/phoenixbanner.de\/?page_id=1504"},"modified":"2017-09-08T14:39:46","modified_gmt":"2017-09-08T12:39:46","slug":"nsc-vademecum","status":"publish","type":"page","link":"https:\/\/phoenixbanner.de\/?page_id=1504","title":{"rendered":"NSC Vademecum"},"content":{"rendered":"<p>Das NSC Vademecum erm\u00f6glicht es Spielleitern schnell und bequem Informationen zu einem NSC in ansehnlicher Form zusammen zu stellen und den Spielern zur Verf\u00fcgung zu stellen. Aus einen Din A4 Papier wird dabei ein Heft mit 8 Seiten gefalten, das ohne weitere Heftung auskommt. Lediglich eine Schere wird ben\u00f6tigt. Das Cover kann mit einem Bild des beschriebenen Charakters sowie dessen Namen gestaltet werden, die restlichen sieben Seiten stehen zur freien Bef\u00fcllung zur Verf\u00fcgung.<\/p>\n<p>Da sich das Projekt noch in der fr\u00fchen Betaphase befindet sind die M\u00f6glichkeiten zur Anpassung des Dokuments noch sehr bescheiden. Um zu zeigen was sp\u00e4ter mal m\u00f6glich sein wird habe ich einen zus\u00e4tzlichen Hintergrund eingebaut, der das Aussehen von gealtertem Papier nachmacht. Wer mehr Authentizit\u00e4t m\u00f6chte kann den Hintergrund einfach weglassen und auf passendem Papier drucken. Die Vorlage wird so eingestellt, dass der gesamte Hintergrund gef\u00fcllt ist, allerdings d\u00fcrften es die wenigsten Drucker schaffen bis an den Rand des Papiers zu drucken.<\/p>\n<p>Die eingetragenen Daten (Bilder und Texte) und das erstellte PDF werden nicht gespeichert, wenn ihr also eure Texte direkt in das Formular eintragt und eure Arbeit nicht an anderer Stelle speichert ist diese sp\u00e4testens nach einem Browserneustart weg (einen Reload der Seite sollten sie \u00fcberstehen, das ist aber abh\u00e4ngig von eurem Browser). Die erstellten pdfs geh\u00f6ren voll und ganz euch und das wird auch so bleiben, ohne Hacken und Fallstricke. Ein Gratisservice von Rollenspielern f\u00fcr Rollenspieler.<\/p>\n<p>Hier geht es zur <a title=\"NSC Vademecum erstellen\" href=\"http:\/\/phoenixbanner.de\/?page_id=1485\">Erstellung des Vademecums<\/a>, zu den <a title=\"NSC Vademecum Releasenotizen\" href=\"http:\/\/phoenixbanner.de\/?page_id=1515\">Releasenotizen<\/a> und der <a title=\"NSC Vademcum Kommentare\" href=\"http:\/\/phoenixbanner.de\/?page_id=1520\">Seite mit den Kommentaren und W\u00fcnschen<\/a>.<\/p>\n","protected":false},"excerpt":{"rendered":"<p>Das NSC Vademecum erm\u00f6glicht es Spielleitern schnell und bequem Informationen zu einem NSC in ansehnlicher [&hellip;]<\/p>\n","protected":false},"author":2,"featured_media":0,"parent":0,"menu_order":8,"comment_status":"closed","ping_status":"closed","template":"template-fullwidth.php","meta":{"footnotes":""},"class_list":["post-1504","page","type-page","status-publish","hentry"],"wp-worthy-pixel":{"ignored":false,"public":null,"server":null,"url":null},"wp-worthy-type":"normal","_links":{"self":[{"href":"https:\/\/phoenixbanner.de\/index.php?rest_route=\/wp\/v2\/pages\/1504","targetHints":{"allow":["GET"]}}],"collection":[{"href":"https:\/\/phoenixbanner.de\/index.php?rest_route=\/wp\/v2\/pages"}],"about":[{"href":"https:\/\/phoenixbanner.de\/index.php?rest_route=\/wp\/v2\/types\/page"}],"author":[{"embeddable":true,"href":"https:\/\/phoenixbanner.de\/index.php?rest_route=\/wp\/v2\/users\/2"}],"replies":[{"embeddable":true,"href":"https:\/\/phoenixbanner.de\/index.php?rest_route=%2Fwp%2Fv2%2Fcomments&post=1504"}],"version-history":[{"count":9,"href":"https:\/\/phoenixbanner.de\/index.php?rest_route=\/wp\/v2\/pages\/1504\/revisions"}],"predecessor-version":[{"id":1800,"href":"https:\/\/phoenixbanner.de\/index.php?rest_route=\/wp\/v2\/pages\/1504\/revisions\/1800"}],"wp:attachment":[{"href":"https:\/\/phoenixbanner.de\/index.php?rest_route=%2Fwp%2Fv2%2Fmedia&parent=1504"}],"curies":[{"name":"wp","href":"https:\/\/api.w.org\/{rel}","templated":true}]}}